{"id":295,"date":"2020-12-04T18:24:36","date_gmt":"2020-12-04T18:24:36","guid":{"rendered":"https:\/\/www.minimasarchidona.org\/tienda\/?post_type=product&#038;p=295"},"modified":"2025-02-17T14:51:37","modified_gmt":"2025-02-17T14:51:37","slug":"sea-mi-dios-conocido-sor-maria-del-socorro-astorga-liceras","status":"publish","type":"product","link":"https:\/\/www.minimasarchidona.org\/tienda\/producto\/sea-mi-dios-conocido-sor-maria-del-socorro-astorga-liceras\/","title":{"rendered":"SEA MI DIOS CONOCIDO. Sor Mar\u00eda del Socorro Astorga Liceras           (Env\u00edo gratis)"},"content":{"rendered":"","protected":false},"excerpt":{"rendered":"<p>Archidona, 2018 253 p\u00e1gs<\/p>\n<p>Comunidad de Monjas M\u00ednimas de Archidona<\/p>\n<p>Ansias apost\u00f3licas de un alma contemplativa.<\/p>\n<p>&nbsp;<\/p>\n<p>Env\u00edo GRATIS<\/p>\n","protected":false},"featured_media":299,"template":"","meta":[],"product_brand":[],"product_cat":[24],"product_tag":[],"class_list":{"0":"post-295","1":"product","2":"type-product","3":"status-publish","4":"has-post-thumbnail","6":"product_cat-libros","8":"first","9":"instock","10":"shipping-taxable","11":"purchasable","12":"product-type-simple"},"_links":{"self":[{"href":"https:\/\/www.minimasarchidona.org\/tienda\/wp-json\/wp\/v2\/product\/295","targetHints":{"allow":["GET"]}}],"collection":[{"href":"https:\/\/www.minimasarchidona.org\/tienda\/wp-json\/wp\/v2\/product"}],"about":[{"href":"https:\/\/www.minimasarchidona.org\/tienda\/wp-json\/wp\/v2\/types\/product"}],"wp:featuredmedia":[{"embeddable":true,"href":"https:\/\/www.minimasarchidona.org\/tienda\/wp-json\/wp\/v2\/media\/299"}],"wp:attachment":[{"href":"https:\/\/www.minimasarchidona.org\/tienda\/wp-json\/wp\/v2\/media?parent=295"}],"wp:term":[{"taxonomy":"product_brand","embeddable":true,"href":"https:\/\/www.minimasarchidona.org\/tienda\/wp-json\/wp\/v2\/product_brand?post=295"},{"taxonomy":"product_cat","embeddable":true,"href":"https:\/\/www.minimasarchidona.org\/tienda\/wp-json\/wp\/v2\/product_cat?post=295"},{"taxonomy":"product_tag","embeddable":true,"href":"https:\/\/www.minimasarchidona.org\/tienda\/wp-json\/wp\/v2\/product_tag?post=295"}],"curies":[{"name":"wp","href":"https:\/\/api.w.org\/{rel}","templated":true}]}}