{"id":120,"date":"2020-11-27T10:18:23","date_gmt":"2020-11-27T10:18:23","guid":{"rendered":"https:\/\/www.minimasarchidona.org\/tienda\/?post_type=product&#038;p=120"},"modified":"2026-04-07T19:12:06","modified_gmt":"2026-04-07T19:12:06","slug":"aceitados","status":"publish","type":"product","link":"https:\/\/www.minimasarchidona.org\/tienda\/producto\/aceitados\/","title":{"rendered":"Aceitados"},"content":{"rendered":"","protected":false},"excerpt":{"rendered":"<p>El tradicional mantecado, elaborado \u00a1sin manteca!, muy recomendado para las personas que tienen colesterol, por sus ingredientes tan naturales. Aceite de oliva virgen, az\u00facar, harina, canela y ajonjol\u00ed. Este dulce se est\u00e1 elaborando desde la fundaci\u00f3n en 1551.<\/p>\n","protected":false},"featured_media":123,"template":"","meta":[],"product_brand":[],"product_cat":[15],"product_tag":[],"class_list":{"0":"post-120","1":"product","2":"type-product","3":"status-publish","4":"has-post-thumbnail","6":"product_cat-dulces","8":"first","9":"instock","10":"featured","11":"shipping-taxable","12":"purchasable","13":"product-type-variable"},"_links":{"self":[{"href":"https:\/\/www.minimasarchidona.org\/tienda\/wp-json\/wp\/v2\/product\/120","targetHints":{"allow":["GET"]}}],"collection":[{"href":"https:\/\/www.minimasarchidona.org\/tienda\/wp-json\/wp\/v2\/product"}],"about":[{"href":"https:\/\/www.minimasarchidona.org\/tienda\/wp-json\/wp\/v2\/types\/product"}],"wp:featuredmedia":[{"embeddable":true,"href":"https:\/\/www.minimasarchidona.org\/tienda\/wp-json\/wp\/v2\/media\/123"}],"wp:attachment":[{"href":"https:\/\/www.minimasarchidona.org\/tienda\/wp-json\/wp\/v2\/media?parent=120"}],"wp:term":[{"taxonomy":"product_brand","embeddable":true,"href":"https:\/\/www.minimasarchidona.org\/tienda\/wp-json\/wp\/v2\/product_brand?post=120"},{"taxonomy":"product_cat","embeddable":true,"href":"https:\/\/www.minimasarchidona.org\/tienda\/wp-json\/wp\/v2\/product_cat?post=120"},{"taxonomy":"product_tag","embeddable":true,"href":"https:\/\/www.minimasarchidona.org\/tienda\/wp-json\/wp\/v2\/product_tag?post=120"}],"curies":[{"name":"wp","href":"https:\/\/api.w.org\/{rel}","templated":true}]}}