{"id":113,"date":"2020-11-27T10:06:15","date_gmt":"2020-11-27T10:06:15","guid":{"rendered":"https:\/\/www.minimasarchidona.org\/tienda\/?post_type=product&#038;p=113"},"modified":"2026-04-07T19:12:06","modified_gmt":"2026-04-07T19:12:06","slug":"borrachuelos","status":"publish","type":"product","link":"https:\/\/www.minimasarchidona.org\/tienda\/producto\/borrachuelos\/","title":{"rendered":"Borrachuelos"},"content":{"rendered":"","protected":false},"excerpt":{"rendered":"<p>Exquisita empanadilla peque\u00f1ita, elaborada con aceite de oliva virgen, vino de M\u00e1laga dulce, an\u00eds, matalauva, ajojol\u00ed y harina. Rellena con boniato.<br \/>\nMuy propio para quedar bien con los invitados.<\/p>\n","protected":false},"featured_media":33,"template":"","meta":[],"product_brand":[],"product_cat":[15],"product_tag":[],"class_list":{"0":"post-113","1":"product","2":"type-product","3":"status-publish","4":"has-post-thumbnail","6":"product_cat-dulces","8":"first","9":"instock","10":"featured","11":"shipping-taxable","12":"purchasable","13":"product-type-variable"},"_links":{"self":[{"href":"https:\/\/www.minimasarchidona.org\/tienda\/wp-json\/wp\/v2\/product\/113","targetHints":{"allow":["GET"]}}],"collection":[{"href":"https:\/\/www.minimasarchidona.org\/tienda\/wp-json\/wp\/v2\/product"}],"about":[{"href":"https:\/\/www.minimasarchidona.org\/tienda\/wp-json\/wp\/v2\/types\/product"}],"wp:featuredmedia":[{"embeddable":true,"href":"https:\/\/www.minimasarchidona.org\/tienda\/wp-json\/wp\/v2\/media\/33"}],"wp:attachment":[{"href":"https:\/\/www.minimasarchidona.org\/tienda\/wp-json\/wp\/v2\/media?parent=113"}],"wp:term":[{"taxonomy":"product_brand","embeddable":true,"href":"https:\/\/www.minimasarchidona.org\/tienda\/wp-json\/wp\/v2\/product_brand?post=113"},{"taxonomy":"product_cat","embeddable":true,"href":"https:\/\/www.minimasarchidona.org\/tienda\/wp-json\/wp\/v2\/product_cat?post=113"},{"taxonomy":"product_tag","embeddable":true,"href":"https:\/\/www.minimasarchidona.org\/tienda\/wp-json\/wp\/v2\/product_tag?post=113"}],"curies":[{"name":"wp","href":"https:\/\/api.w.org\/{rel}","templated":true}]}}