{"id":2,"date":"2020-11-24T14:16:14","date_gmt":"2020-11-24T14:16:14","guid":{"rendered":"https:\/\/www.minimasarchidona.org\/tienda\/?page_id=2"},"modified":"2025-11-05T19:07:53","modified_gmt":"2025-11-05T19:07:53","slug":"libros","status":"publish","type":"page","link":"https:\/\/www.minimasarchidona.org\/tienda\/libros\/","title":{"rendered":"libros"},"content":{"rendered":"\n<div class=\"alignnormal\"><div id=\"metaslider-id-342\" style=\"max-width: 1200px; margin: 0 auto;\" class=\"ml-slider-3-108-0 metaslider metaslider-flex metaslider-342 ml-slider ms-theme-default nav-hidden\" role=\"region\" aria-label=\"libros\" data-height=\"400\" data-width=\"1200\">\n    <div id=\"metaslider_container_342\">\n        <div id=\"metaslider_342\">\n            <ul class='slides'>\n                <li style=\"display: block; width: 100%;\" class=\"slide-343 ms-image \" aria-roledescription=\"slide\" data-date=\"2020-12-06 19:08:50\" data-filename=\"banner-books-1200x400.jpg\" data-slide-type=\"image\"><img loading=\"lazy\" decoding=\"async\" src=\"https:\/\/www.minimasarchidona.org\/tienda\/wp-content\/uploads\/2020\/12\/banner-books-1200x400.jpg\" height=\"400\" width=\"1200\" alt=\"\" class=\"slider-342 slide-343 msDefaultImage\" title=\"banner books\" \/><\/li>\n            <\/ul>\n        <\/div>\n        \n    <\/div>\n<\/div><\/div>\n\n\n\n<hr class=\"wp-block-separator has-text-color has-white-color has-css-opacity has-white-background-color has-background\"\/>\n\n\n\n<h1 class=\"wp-block-heading\">Sor Mar\u00eda del Socorro Astorga Liceras<\/h1>\n\n\n\n<div style=\"height:21px\" aria-hidden=\"true\" class=\"wp-block-spacer\"><\/div>\n\n\n\n<p>Sor Mar\u00eda del Socorro (en el siglo, Mar\u00eda Claudia Josefa) Astorga Liceras naci\u00f3 en Archidona el 30 de octubre de 1769. Profes\u00f3 en las monjas m\u00ednimas en el monasterio de su villa natal en el a\u00f1o 1800. Habiendo fallecido el 31 de marzo de 1814 en olor de santidad, considerando su \u00abvida ejemplar, humildad profunda, vehemencia de amor divino, obediencia ciega, continuado silencio y admirable sabidur\u00eda en sus escritos\u00bb. <\/p>\n\n\n\n<div style=\"height:20px\" aria-hidden=\"true\" class=\"wp-block-spacer\"><\/div>\n\n\n<div data-block-name=\"woocommerce\/handpicked-products\" data-content-visibility=\"{&quot;title&quot;:true,&quot;price&quot;:true,&quot;rating&quot;:false,&quot;button&quot;:false,&quot;image&quot;:true}\" data-orderby=\"title\" data-products=\"[274,294,296,295,848,846]\" class=\"wc-block-grid wp-block-handpicked-products wp-block-woocommerce-handpicked-products wc-block-handpicked-products has-3-columns has-multiple-rows\"><ul class=\"wc-block-grid__products\"><li class=\"wc-block-grid__product\">\n\t\t\t\t<a href=\"https:\/\/www.minimasarchidona.org\/tienda\/producto\/escritos-de-la-sierva-de-dios-sor-maria-del-socorro-astorga-liceras-1769-1814\/\" class=\"wc-block-grid__product-link\">\n\t\t\t\t\t\n\t\t\t\t\t<div class=\"wc-block-grid__product-image\"><img loading=\"lazy\" decoding=\"async\" width=\"300\" height=\"300\" src=\"https:\/\/www.minimasarchidona.org\/tienda\/wp-content\/uploads\/2020\/12\/libro-300x300.png\" class=\"attachment-woocommerce_thumbnail size-woocommerce_thumbnail\" alt=\"Escritos de la Sierva de Dios Sor Mar\u00eda del Socorro Astorga Liceras 1769-1814.           (Env\u00edo gratis)\" srcset=\"https:\/\/www.minimasarchidona.org\/tienda\/wp-content\/uploads\/2020\/12\/libro-300x300.png 300w, https:\/\/www.minimasarchidona.org\/tienda\/wp-content\/uploads\/2020\/12\/libro-150x150.png 150w, https:\/\/www.minimasarchidona.org\/tienda\/wp-content\/uploads\/2020\/12\/libro-360x360.png 360w, https:\/\/www.minimasarchidona.org\/tienda\/wp-content\/uploads\/2020\/12\/libro-100x100.png 100w\" sizes=\"auto, (max-width: 300px) 100vw, 300px\" \/><\/div>\n\t\t\t\t\t<div class=\"wc-block-grid__product-title\">Escritos de la Sierva de Dios Sor Mar\u00eda del Socorro Astorga Liceras 1769-1814.           (Env\u00edo gratis)<\/div>\n\t\t\t\t<\/a>\n\t\t\t\t<div class=\"wc-block-grid__product-price price\"><span class=\"woocommerce-Price-amount amount\">12.00<span class=\"woocommerce-Price-currencySymbol\">&euro;<\/span><\/span><\/div>\n\t\t\t\t\n\t\t\t\t\n\t\t\t<\/li><li class=\"wc-block-grid__product\">\n\t\t\t\t<a href=\"https:\/\/www.minimasarchidona.org\/tienda\/producto\/lienzo-enmarcado-de-la-sierva-de-dios-madre-maria-del-socorro-astorga-liceras\/\" class=\"wc-block-grid__product-link\">\n\t\t\t\t\t\n\t\t\t\t\t<div class=\"wc-block-grid__product-image\"><img loading=\"lazy\" decoding=\"async\" width=\"300\" height=\"300\" src=\"https:\/\/www.minimasarchidona.org\/tienda\/wp-content\/uploads\/2025\/11\/Lienzo-enmarcado--300x300.jpg\" class=\"attachment-woocommerce_thumbnail size-woocommerce_thumbnail\" alt=\"Lienzo enmarcado de la Sierva de Dios Madre Mar\u00eda del Socorro Astorga Liceras.   (Env\u00edo gratis)\" srcset=\"https:\/\/www.minimasarchidona.org\/tienda\/wp-content\/uploads\/2025\/11\/Lienzo-enmarcado--300x300.jpg 300w, https:\/\/www.minimasarchidona.org\/tienda\/wp-content\/uploads\/2025\/11\/Lienzo-enmarcado--150x150.jpg 150w, https:\/\/www.minimasarchidona.org\/tienda\/wp-content\/uploads\/2025\/11\/Lienzo-enmarcado--360x360.jpg 360w, https:\/\/www.minimasarchidona.org\/tienda\/wp-content\/uploads\/2025\/11\/Lienzo-enmarcado--100x100.jpg 100w\" sizes=\"auto, (max-width: 300px) 100vw, 300px\" \/><\/div>\n\t\t\t\t\t<div class=\"wc-block-grid__product-title\">Lienzo enmarcado de la Sierva de Dios Madre Mar\u00eda del Socorro Astorga Liceras.   (Env\u00edo gratis)<\/div>\n\t\t\t\t<\/a>\n\t\t\t\t<div class=\"wc-block-grid__product-price price\"><span class=\"woocommerce-Price-amount amount\">30.00<span class=\"woocommerce-Price-currencySymbol\">&euro;<\/span><\/span><\/div>\n\t\t\t\t\n\t\t\t\t\n\t\t\t<\/li><li class=\"wc-block-grid__product\">\n\t\t\t\t<a href=\"https:\/\/www.minimasarchidona.org\/tienda\/producto\/mi-dulce-madre-vida-de-madre-socorro-astorga-1769-1814\/\" class=\"wc-block-grid__product-link\">\n\t\t\t\t\t\n\t\t\t\t\t<div class=\"wc-block-grid__product-image\"><img loading=\"lazy\" decoding=\"async\" width=\"300\" height=\"300\" src=\"https:\/\/www.minimasarchidona.org\/tienda\/wp-content\/uploads\/2020\/12\/libro2-300x300.png\" class=\"attachment-woocommerce_thumbnail size-woocommerce_thumbnail\" alt=\"Mi Dulce Madre Vida de Madre Socorro Astorga 1769-1814           (Env\u00edo gratis)\" srcset=\"https:\/\/www.minimasarchidona.org\/tienda\/wp-content\/uploads\/2020\/12\/libro2-300x300.png 300w, https:\/\/www.minimasarchidona.org\/tienda\/wp-content\/uploads\/2020\/12\/libro2-150x150.png 150w, https:\/\/www.minimasarchidona.org\/tienda\/wp-content\/uploads\/2020\/12\/libro2-360x360.png 360w, https:\/\/www.minimasarchidona.org\/tienda\/wp-content\/uploads\/2020\/12\/libro2-100x100.png 100w\" sizes=\"auto, (max-width: 300px) 100vw, 300px\" \/><\/div>\n\t\t\t\t\t<div class=\"wc-block-grid__product-title\">Mi Dulce Madre Vida de Madre Socorro Astorga 1769-1814           (Env\u00edo gratis)<\/div>\n\t\t\t\t<\/a>\n\t\t\t\t<div class=\"wc-block-grid__product-price price\"><span class=\"woocommerce-Price-amount amount\">2.00<span class=\"woocommerce-Price-currencySymbol\">&euro;<\/span><\/span><\/div>\n\t\t\t\t\n\t\t\t\t\n\t\t\t<\/li><li class=\"wc-block-grid__product\">\n\t\t\t\t<a href=\"https:\/\/www.minimasarchidona.org\/tienda\/producto\/renglones-de-luz-documental-sor-maria-del-socorro-astorga-liceras\/\" class=\"wc-block-grid__product-link\">\n\t\t\t\t\t\n\t\t\t\t\t<div class=\"wc-block-grid__product-image\"><img loading=\"lazy\" decoding=\"async\" width=\"300\" height=\"300\" src=\"https:\/\/www.minimasarchidona.org\/tienda\/wp-content\/uploads\/2020\/12\/ygLXqCARTEL_RENGLONES_DE_LUZweb-300x300.jpg\" class=\"attachment-woocommerce_thumbnail size-woocommerce_thumbnail\" alt=\"Renglones de luz Documental Sor Mar\u00eda del Socorro Astorga Liceras          (Env\u00edo gratis)\" srcset=\"https:\/\/www.minimasarchidona.org\/tienda\/wp-content\/uploads\/2020\/12\/ygLXqCARTEL_RENGLONES_DE_LUZweb-300x300.jpg 300w, https:\/\/www.minimasarchidona.org\/tienda\/wp-content\/uploads\/2020\/12\/ygLXqCARTEL_RENGLONES_DE_LUZweb-150x150.jpg 150w, https:\/\/www.minimasarchidona.org\/tienda\/wp-content\/uploads\/2020\/12\/ygLXqCARTEL_RENGLONES_DE_LUZweb-360x360.jpg 360w, https:\/\/www.minimasarchidona.org\/tienda\/wp-content\/uploads\/2020\/12\/ygLXqCARTEL_RENGLONES_DE_LUZweb-100x100.jpg 100w\" sizes=\"auto, (max-width: 300px) 100vw, 300px\" \/><\/div>\n\t\t\t\t\t<div class=\"wc-block-grid__product-title\">Renglones de luz Documental Sor Mar\u00eda del Socorro Astorga Liceras          (Env\u00edo gratis)<\/div>\n\t\t\t\t<\/a>\n\t\t\t\t<div class=\"wc-block-grid__product-price price\"><span class=\"woocommerce-Price-amount amount\">7.00<span class=\"woocommerce-Price-currencySymbol\">&euro;<\/span><\/span><\/div>\n\t\t\t\t\n\t\t\t\t\n\t\t\t<\/li><li class=\"wc-block-grid__product\">\n\t\t\t\t<a href=\"https:\/\/www.minimasarchidona.org\/tienda\/producto\/sea-mi-dios-conocido-sor-maria-del-socorro-astorga-liceras\/\" class=\"wc-block-grid__product-link\">\n\t\t\t\t\t\n\t\t\t\t\t<div class=\"wc-block-grid__product-image\"><img loading=\"lazy\" decoding=\"async\" width=\"300\" height=\"300\" src=\"https:\/\/www.minimasarchidona.org\/tienda\/wp-content\/uploads\/2020\/12\/libro3-300x300.png\" class=\"attachment-woocommerce_thumbnail size-woocommerce_thumbnail\" alt=\"SEA MI DIOS CONOCIDO. Sor Mar\u00eda del Socorro Astorga Liceras           (Env\u00edo gratis)\" srcset=\"https:\/\/www.minimasarchidona.org\/tienda\/wp-content\/uploads\/2020\/12\/libro3-300x300.png 300w, https:\/\/www.minimasarchidona.org\/tienda\/wp-content\/uploads\/2020\/12\/libro3-150x150.png 150w, https:\/\/www.minimasarchidona.org\/tienda\/wp-content\/uploads\/2020\/12\/libro3-360x360.png 360w, https:\/\/www.minimasarchidona.org\/tienda\/wp-content\/uploads\/2020\/12\/libro3-100x100.png 100w\" sizes=\"auto, (max-width: 300px) 100vw, 300px\" \/><\/div>\n\t\t\t\t\t<div class=\"wc-block-grid__product-title\">SEA MI DIOS CONOCIDO. Sor Mar\u00eda del Socorro Astorga Liceras           (Env\u00edo gratis)<\/div>\n\t\t\t\t<\/a>\n\t\t\t\t<div class=\"wc-block-grid__product-price price\"><span class=\"woocommerce-Price-amount amount\">6.00<span class=\"woocommerce-Price-currencySymbol\">&euro;<\/span><\/span><\/div>\n\t\t\t\t\n\t\t\t\t\n\t\t\t<\/li><li class=\"wc-block-grid__product\">\n\t\t\t\t<a href=\"https:\/\/www.minimasarchidona.org\/tienda\/producto\/sierva-de-dios-madre-maria-del-socorro-astorga-liceras-monjas-minima-opusculo-biografico\/\" class=\"wc-block-grid__product-link\">\n\t\t\t\t\t\n\t\t\t\t\t<div class=\"wc-block-grid__product-image\"><img loading=\"lazy\" decoding=\"async\" width=\"300\" height=\"300\" src=\"https:\/\/www.minimasarchidona.org\/tienda\/wp-content\/uploads\/2025\/11\/Opusculo-biografico-300x300.jpg\" class=\"attachment-woocommerce_thumbnail size-woocommerce_thumbnail\" alt=\"Sierva de Dios Madre Mar\u00eda del Socorro Astorga Liceras \u2013 Monjas M\u00ednima (Op\u00fasculo biogr\u00e1fico)  (Env\u00edo gratis)\" srcset=\"https:\/\/www.minimasarchidona.org\/tienda\/wp-content\/uploads\/2025\/11\/Opusculo-biografico-300x300.jpg 300w, https:\/\/www.minimasarchidona.org\/tienda\/wp-content\/uploads\/2025\/11\/Opusculo-biografico-150x150.jpg 150w, https:\/\/www.minimasarchidona.org\/tienda\/wp-content\/uploads\/2025\/11\/Opusculo-biografico-360x360.jpg 360w, https:\/\/www.minimasarchidona.org\/tienda\/wp-content\/uploads\/2025\/11\/Opusculo-biografico-100x100.jpg 100w\" sizes=\"auto, (max-width: 300px) 100vw, 300px\" \/><\/div>\n\t\t\t\t\t<div class=\"wc-block-grid__product-title\">Sierva de Dios Madre Mar\u00eda del Socorro Astorga Liceras \u2013 Monjas M\u00ednima (Op\u00fasculo biogr\u00e1fico)  (Env\u00edo gratis)<\/div>\n\t\t\t\t<\/a>\n\t\t\t\t<div class=\"wc-block-grid__product-price price\"><span class=\"woocommerce-Price-amount amount\">2.00<span class=\"woocommerce-Price-currencySymbol\">&euro;<\/span><\/span><\/div>\n\t\t\t\t\n\t\t\t\t\n\t\t\t<\/li><\/ul><\/div>\n\n\n<hr class=\"wp-block-separator has-text-color has-white-color has-css-opacity has-white-background-color has-background\"\/>\n","protected":false},"excerpt":{"rendered":"<p>Sor Mar\u00eda del Socorro Astorga Liceras Sor Mar\u00eda del Socorro (en el siglo, Mar\u00eda Claudia Josefa) Astorga Liceras naci\u00f3 en Archidona el 30 de octubre de 1769. Profes\u00f3 en las monjas m\u00ednimas en el monasterio de su villa natal en el a\u00f1o 1800. Habiendo fallecido el 31 de marzo de 1814 en olor de santidad, [&hellip;]<\/p>\n","protected":false},"author":1,"featured_media":0,"parent":0,"menu_order":0,"comment_status":"closed","ping_status":"closed","template":"","meta":{"footnotes":""},"class_list":["post-2","page","type-page","status-publish","hentry"],"_links":{"self":[{"href":"https:\/\/www.minimasarchidona.org\/tienda\/wp-json\/wp\/v2\/pages\/2","targetHints":{"allow":["GET"]}}],"collection":[{"href":"https:\/\/www.minimasarchidona.org\/tienda\/wp-json\/wp\/v2\/pages"}],"about":[{"href":"https:\/\/www.minimasarchidona.org\/tienda\/wp-json\/wp\/v2\/types\/page"}],"author":[{"embeddable":true,"href":"https:\/\/www.minimasarchidona.org\/tienda\/wp-json\/wp\/v2\/users\/1"}],"replies":[{"embeddable":true,"href":"https:\/\/www.minimasarchidona.org\/tienda\/wp-json\/wp\/v2\/comments?post=2"}],"version-history":[{"count":29,"href":"https:\/\/www.minimasarchidona.org\/tienda\/wp-json\/wp\/v2\/pages\/2\/revisions"}],"predecessor-version":[{"id":850,"href":"https:\/\/www.minimasarchidona.org\/tienda\/wp-json\/wp\/v2\/pages\/2\/revisions\/850"}],"wp:attachment":[{"href":"https:\/\/www.minimasarchidona.org\/tienda\/wp-json\/wp\/v2\/media?parent=2"}],"curies":[{"name":"wp","href":"https:\/\/api.w.org\/{rel}","templated":true}]}}